{"id":919,"date":"2018-11-05T08:56:53","date_gmt":"2018-11-05T08:56:53","guid":{"rendered":"https:\/\/inza.ma\/?page_id=919"},"modified":"2025-01-06T16:28:07","modified_gmt":"2025-01-06T16:28:07","slug":"%d9%85%d8%b9%d9%84%d9%88%d9%85%d8%a7%d8%aa-%d8%b9%d9%86%d8%a7","status":"publish","type":"page","link":"https:\/\/inza.ma\/fr\/%d9%85%d8%b9%d9%84%d9%88%d9%85%d8%a7%d8%aa-%d8%b9%d9%86%d8%a7\/","title":{"rendered":"A propos de nous"},"content":{"rendered":"<div data-elementor-type=\"wp-page\" data-elementor-id=\"919\" class=\"elementor elementor-919\">\n\t\t\t\t\t\t<section class=\"elementor-section elementor-top-section elementor-element elementor-element-2af8600 elementor-section-boxed elementor-section-height-default elementor-section-height-default rt-parallax-bg-no\" data-id=\"2af8600\" data-element_type=\"section\" data-e-type=\"section\">\n\t\t\t\t\t\t<div class=\"elementor-container elementor-column-gap-default\">\n\t\t\t\t\t<div class=\"elementor-column elementor-col-50 elementor-top-column elementor-element elementor-element-be6bd06\" data-id=\"be6bd06\" data-element_type=\"column\" data-e-type=\"column\">\n\t\t\t<div class=\"elementor-widget-wrap elementor-element-populated\">\n\t\t\t\t\t\t<div class=\"elementor-element elementor-element-4dd5ff7 elementor-widget elementor-widget-text-editor\" data-id=\"4dd5ff7\" data-element_type=\"widget\" data-e-type=\"widget\" data-widget_type=\"text-editor.default\">\n\t\t\t\t<div class=\"elementor-widget-container\">\n\t\t\t\t\t\t\t\t\t<h2><strong>A propos de nous<\/strong><\/h2><p>Nous sommes \u00e0 <strong>Inza.ma<\/strong> Nous aspirons \u00e0 devenir la plateforme de petites annonces de r\u00e9f\u00e9rence au Maroc, en proposant un syst\u00e8me num\u00e9rique innovant et s\u00e9curis\u00e9 qui met en relation vendeurs et acheteurs rapidement et facilement. Notre vision est de permettre aux particuliers et aux entreprises d&#039;acheter et de vendre des produits et des services de mani\u00e8re efficace et fluide.<\/p><p>\u2728 <strong>Notre mission :<\/strong><\/p><ul><li>Fournir une plateforme compl\u00e8te permettant \u00e0 chacun de pr\u00e9senter facilement ses produits ou services.<\/li><li>Soutenir et promouvoir la communaut\u00e9 locale du commerce \u00e9lectronique.<\/li><li>Offrir une exp\u00e9rience utilisateur fluide et s\u00e9curis\u00e9e.<\/li><\/ul><p>\ud83c\udf1f <strong>Nos valeurs :<\/strong><\/p><ul><li><strong>Simplicit\u00e9<\/strong>Un design simple qui facilite la publication d&#039;annonces et l&#039;acc\u00e8s aux produits pour tous.<\/li><li><strong>confiance<\/strong>Nous garantissons un environnement s\u00e9curis\u00e9 pour les transactions entre vendeurs et acheteurs.<\/li><li><strong>Excellence<\/strong>Fournir des services de haute qualit\u00e9 qui r\u00e9pondent aux besoins de nos utilisateurs.<\/li><\/ul><p>Que vous souhaitiez acheter un nouveau produit ou vendre votre article d&#039;occasion, <strong>Inza.ma<\/strong> C&#039;est la solution id\u00e9ale pour vous ! Nous sommes l\u00e0 pour vous aider \u00e0 atteindre vos objectifs professionnels et personnels en toute simplicit\u00e9. \ud83d\ude80<\/p>\t\t\t\t\t\t\t\t<\/div>\n\t\t\t\t<\/div>\n\t\t\t\t\t<\/div>\n\t\t<\/div>\n\t\t\t\t<div class=\"elementor-column elementor-col-50 elementor-top-column elementor-element elementor-element-0047368\" data-id=\"0047368\" data-element_type=\"column\" data-e-type=\"column\">\n\t\t\t<div class=\"elementor-widget-wrap elementor-element-populated\">\n\t\t\t\t\t\t<div class=\"elementor-element elementor-element-514e4f6 elementor-widget elementor-widget-image\" data-id=\"514e4f6\" data-element_type=\"widget\" data-e-type=\"widget\" data-widget_type=\"image.default\">\n\t\t\t\t<div class=\"elementor-widget-container\">\n\t\t\t\t\t\t\t\t\t\t\t\t\t\t\t<img fetchpriority=\"high\" decoding=\"async\" width=\"740\" height=\"501\" src=\"https:\/\/inza.ma\/wp-content\/uploads\/2025\/01\/team-sitting-desk-checking-reports-talking-top-view_155003-27525.jpg\" class=\"attachment-medium_large size-medium_large wp-image-4130\" alt=\"Travail d&#039;\u00e9quipe Inza.ma\" srcset=\"https:\/\/inza.ma\/wp-content\/uploads\/2025\/01\/team-sitting-desk-checking-reports-talking-top-view_155003-27525.jpg 740w, https:\/\/inza.ma\/wp-content\/uploads\/2025\/01\/team-sitting-desk-checking-reports-talking-top-view_155003-27525-300x203.jpg 300w, https:\/\/inza.ma\/wp-content\/uploads\/2025\/01\/team-sitting-desk-checking-reports-talking-top-view_155003-27525-180x122.jpg 180w, https:\/\/inza.ma\/wp-content\/uploads\/2025\/01\/team-sitting-desk-checking-reports-talking-top-view_155003-27525-728x493.jpg 728w, https:\/\/inza.ma\/wp-content\/uploads\/2025\/01\/team-sitting-desk-checking-reports-talking-top-view_155003-27525-170x116.jpg 170w, https:\/\/inza.ma\/wp-content\/uploads\/2025\/01\/team-sitting-desk-checking-reports-talking-top-view_155003-27525-600x406.jpg 600w\" sizes=\"(max-width: 740px) 100vw, 740px\" title=\"Travail d&#039;\u00e9quipe Inza.ma\" \/>\t\t\t\t\t\t\t\t\t\t\t\t\t\t\t<\/div>\n\t\t\t\t<\/div>\n\t\t\t\t\t<\/div>\n\t\t<\/div>\n\t\t\t\t\t<\/div>\n\t\t<\/section>\n\t\t\t\t<section class=\"elementor-section elementor-top-section elementor-element elementor-element-5805e8d elementor-section-boxed elementor-section-height-default elementor-section-height-default rt-parallax-bg-no\" data-id=\"5805e8d\" data-element_type=\"section\" data-e-type=\"section\" data-settings=\"{&quot;background_background&quot;:&quot;classic&quot;}\">\n\t\t\t\t\t\t<div class=\"elementor-container elementor-column-gap-default\">\n\t\t\t\t\t<div class=\"elementor-column elementor-col-100 elementor-top-column elementor-element elementor-element-f8e8ecd\" data-id=\"f8e8ecd\" data-element_type=\"column\" data-e-type=\"column\">\n\t\t\t<div class=\"elementor-widget-wrap elementor-element-populated\">\n\t\t\t\t\t\t<div class=\"elementor-element elementor-element-87e171b elementor-widget elementor-widget-rt-title\" data-id=\"87e171b\" data-element_type=\"widget\" data-e-type=\"widget\" data-widget_type=\"rt-title.default\">\n\t\t\t\t<div class=\"elementor-widget-container\">\n\t\t\t\t\t<div class=\"rt-el-title rtin-style-1\">\r\n\t<h2 class=\"rtin-title\">Comment \u00e7a marche<\/h2>\r\n\t<\/div>\t\t\t\t<\/div>\n\t\t\t\t<\/div>\n\t\t\t\t<section class=\"elementor-section elementor-inner-section elementor-element elementor-element-523875b elementor-section-boxed elementor-section-height-default elementor-section-height-default rt-parallax-bg-no\" data-id=\"523875b\" data-element_type=\"section\" data-e-type=\"section\">\n\t\t\t\t\t\t<div class=\"elementor-container elementor-column-gap-default\">\n\t\t\t\t\t<div class=\"elementor-column elementor-col-25 elementor-inner-column elementor-element elementor-element-53e6a8a\" data-id=\"53e6a8a\" data-element_type=\"column\" data-e-type=\"column\">\n\t\t\t<div class=\"elementor-widget-wrap elementor-element-populated\">\n\t\t\t\t\t\t<div class=\"elementor-element elementor-element-e29c25e elementor-widget elementor-widget-rt-info-box\" data-id=\"e29c25e\" data-element_type=\"widget\" data-e-type=\"widget\" data-widget_type=\"rt-info-box.default\">\n\t\t\t\t<div class=\"elementor-widget-container\">\n\t\t\t\t\t\r\n    \r\n    <div class=\"rt-el-info-box\">\r\n        <div class=\"rtin-icon\"><i class=\"fa fa-user\" aria-hidden=\"true\"><\/i><\/div>\r\n        <div class=\"rtin-content\">\r\n            <h3 class=\"rtin-title\">Cr\u00e9ez votre compte<\/h3>\r\n                            <p class=\"rtin-text\">Rendez-vous sur la page d&#039;inscription. Saisissez vos informations personnelles de base. Confirmez votre adresse e-mail pour commencer \u00e0 utiliser le service, ou utilisez vos comptes de r\u00e9seaux sociaux tels que Google ou Facebook.<\/p>\r\n                    <\/div>\r\n    <\/div>\r\n\r\n\t\t\t\t<\/div>\n\t\t\t\t<\/div>\n\t\t\t\t\t<\/div>\n\t\t<\/div>\n\t\t\t\t<div class=\"elementor-column elementor-col-25 elementor-inner-column elementor-element elementor-element-6b2a9c7\" data-id=\"6b2a9c7\" data-element_type=\"column\" data-e-type=\"column\">\n\t\t\t<div class=\"elementor-widget-wrap elementor-element-populated\">\n\t\t\t\t\t\t<div class=\"elementor-element elementor-element-37c907f elementor-widget elementor-widget-rt-info-box\" data-id=\"37c907f\" data-element_type=\"widget\" data-e-type=\"widget\" data-widget_type=\"rt-info-box.default\">\n\t\t\t\t<div class=\"elementor-widget-container\">\n\t\t\t\t\t\r\n    \r\n    <div class=\"rt-el-info-box\">\r\n        <div class=\"rtin-icon\"><i class=\"fa fa-eraser\" aria-hidden=\"true\"><\/i><\/div>\r\n        <div class=\"rtin-content\">\r\n            <h3 class=\"rtin-title\">Publiez votre annonce<\/h3>\r\n                            <p class=\"rtin-text\">Connectez-vous \u00e0 votre compte. Cliquez sur le bouton \"\u00a0Cr\u00e9er une nouvelle annonce\u00a0\". T\u00e9l\u00e9chargez des photos et saisissez une description d\u00e9taill\u00e9e du produit. Indiquez le prix et la cat\u00e9gorie du produit.<\/p>\r\n                    <\/div>\r\n    <\/div>\r\n\r\n\t\t\t\t<\/div>\n\t\t\t\t<\/div>\n\t\t\t\t\t<\/div>\n\t\t<\/div>\n\t\t\t\t<div class=\"elementor-column elementor-col-25 elementor-inner-column elementor-element elementor-element-f849458\" data-id=\"f849458\" data-element_type=\"column\" data-e-type=\"column\">\n\t\t\t<div class=\"elementor-widget-wrap elementor-element-populated\">\n\t\t\t\t\t\t<div class=\"elementor-element elementor-element-75a6434 elementor-widget elementor-widget-rt-info-box\" data-id=\"75a6434\" data-element_type=\"widget\" data-e-type=\"widget\" data-widget_type=\"rt-info-box.default\">\n\t\t\t\t<div class=\"elementor-widget-container\">\n\t\t\t\t\t\r\n    \r\n    <div class=\"rt-el-info-box\">\r\n        <div class=\"rtin-icon\"><i class=\"fa fa-volume-up\" aria-hidden=\"true\"><\/i><\/div>\r\n        <div class=\"rtin-content\">\r\n            <h3 class=\"rtin-title\">Profitez des offres<\/h3>\r\n                            <p class=\"rtin-text\">Vous recevrez des notifications pour chaque offre re\u00e7ue suite \u00e0 votre annonce. Vous pourrez n\u00e9gocier directement avec les acheteurs potentiels via la messagerie du site.<\/p>\r\n                    <\/div>\r\n    <\/div>\r\n\r\n\t\t\t\t<\/div>\n\t\t\t\t<\/div>\n\t\t\t\t\t<\/div>\n\t\t<\/div>\n\t\t\t\t<div class=\"elementor-column elementor-col-25 elementor-inner-column elementor-element elementor-element-daff55c\" data-id=\"daff55c\" data-element_type=\"column\" data-e-type=\"column\">\n\t\t\t<div class=\"elementor-widget-wrap elementor-element-populated\">\n\t\t\t\t\t\t<div class=\"elementor-element elementor-element-9549623 elementor-widget elementor-widget-rt-info-box\" data-id=\"9549623\" data-element_type=\"widget\" data-e-type=\"widget\" data-widget_type=\"rt-info-box.default\">\n\t\t\t\t<div class=\"elementor-widget-container\">\n\t\t\t\t\t\r\n    \r\n    <div class=\"rt-el-info-box\">\r\n        <div class=\"rtin-icon\"><i class=\"fa fa-magic\" aria-hidden=\"true\"><\/i><\/div>\r\n        <div class=\"rtin-content\">\r\n            <h3 class=\"rtin-title\">Vendez votre article<\/h3>\r\n                            <p class=\"rtin-text\">Choisissez la meilleure offre et lancez la vente. Assurez-vous que la transaction se d\u00e9roule en toute s\u00e9curit\u00e9. Mettez \u00e0 jour votre statut une fois le produit vendu.<\/p>\r\n                    <\/div>\r\n    <\/div>\r\n\r\n\t\t\t\t<\/div>\n\t\t\t\t<\/div>\n\t\t\t\t\t<\/div>\n\t\t<\/div>\n\t\t\t\t\t<\/div>\n\t\t<\/section>\n\t\t\t\t\t<\/div>\n\t\t<\/div>\n\t\t\t\t\t<\/div>\n\t\t<\/section>\n\t\t\t\t<div class=\"elementor-section elementor-top-section elementor-element elementor-element-662c4a2 elementor-section-boxed elementor-section-height-default elementor-section-height-default rt-parallax-bg-no\" data-id=\"662c4a2\" data-element_type=\"section\" data-e-type=\"section\" data-settings=\"{&quot;background_background&quot;:&quot;classic&quot;}\">\n\t\t\t\t\t\t\t<div class=\"elementor-background-overlay\"><\/div>\n\t\t\t\t\t\t\t<div class=\"elementor-container elementor-column-gap-default\">\n\t\t\t\t\t<div class=\"elementor-column elementor-col-33 elementor-top-column elementor-element elementor-element-15cf68f\" data-id=\"15cf68f\" data-element_type=\"column\" data-e-type=\"column\">\n\t\t\t<div class=\"elementor-widget-wrap elementor-element-populated\">\n\t\t\t\t\t\t<div class=\"elementor-element elementor-element-c014d32 elementor-widget elementor-widget-rt-counter\" data-id=\"c014d32\" data-element_type=\"widget\" data-e-type=\"widget\" data-widget_type=\"rt-counter.default\">\n\t\t\t\t<div class=\"elementor-widget-container\">\n\t\t\t\t\t<div class=\"rt-el-counter rtin-dark\">\r\n    <div class=\"rtin-item clearfix\">\r\n        <div class=\"rtin-left\">\r\n                    <\/div>\r\n        <div class=\"rtin-right\">\r\n            <div class=\"rtin-counter\"><span class=\"rt-counter-num\" data-counterup-time=\"1000\"\r\n                                            data-counterup-delay=\"10\">5000<\/span>+            <\/div>\r\n            <div class=\"rtin-title\">Produits<\/div>\r\n        <\/div>\r\n    <\/div>\r\n<\/div>\t\t\t\t<\/div>\n\t\t\t\t<\/div>\n\t\t\t\t\t<\/div>\n\t\t<\/div>\n\t\t\t\t<div class=\"elementor-column elementor-col-33 elementor-top-column elementor-element elementor-element-310784e\" data-id=\"310784e\" data-element_type=\"column\" data-e-type=\"column\">\n\t\t\t<div class=\"elementor-widget-wrap elementor-element-populated\">\n\t\t\t\t\t\t<div class=\"elementor-element elementor-element-9b12e83 elementor-widget elementor-widget-rt-counter\" data-id=\"9b12e83\" data-element_type=\"widget\" data-e-type=\"widget\" data-widget_type=\"rt-counter.default\">\n\t\t\t\t<div class=\"elementor-widget-container\">\n\t\t\t\t\t<div class=\"rt-el-counter rtin-dark\">\r\n    <div class=\"rtin-item clearfix\">\r\n        <div class=\"rtin-left\">\r\n                                                    <\/div>\r\n        <div class=\"rtin-right\">\r\n            <div class=\"rtin-counter\"><span class=\"rt-counter-num\" data-counterup-time=\"1000\"\r\n                                            data-counterup-delay=\"10\">3265<\/span>+            <\/div>\r\n            <div class=\"rtin-title\">Clients satisfaits<\/div>\r\n        <\/div>\r\n    <\/div>\r\n<\/div>\t\t\t\t<\/div>\n\t\t\t\t<\/div>\n\t\t\t\t\t<\/div>\n\t\t<\/div>\n\t\t\t\t<div class=\"elementor-column elementor-col-33 elementor-top-column elementor-element elementor-element-1a29053\" data-id=\"1a29053\" data-element_type=\"column\" data-e-type=\"column\">\n\t\t\t<div class=\"elementor-widget-wrap elementor-element-populated\">\n\t\t\t\t\t\t<div class=\"elementor-element elementor-element-96ee190 elementor-widget elementor-widget-rt-counter\" data-id=\"96ee190\" data-element_type=\"widget\" data-e-type=\"widget\" data-widget_type=\"rt-counter.default\">\n\t\t\t\t<div class=\"elementor-widget-container\">\n\t\t\t\t\t<div class=\"rt-el-counter rtin-dark\">\r\n    <div class=\"rtin-item clearfix\">\r\n        <div class=\"rtin-left\">\r\n                                                                            <\/div>\r\n        <div class=\"rtin-right\">\r\n            <div class=\"rtin-counter\"><span class=\"rt-counter-num\" data-counterup-time=\"1000\"\r\n                                            data-counterup-delay=\"10\">2000<\/span>+            <\/div>\r\n            <div class=\"rtin-title\">Utilisateurs autoris\u00e9s<\/div>\r\n        <\/div>\r\n    <\/div>\r\n<\/div>\t\t\t\t<\/div>\n\t\t\t\t<\/div>\n\t\t\t\t\t<\/div>\n\t\t<\/div>\n\t\t\t\t\t<\/div>\n\t\t<\/div>\n\t\t\t\t<\/div>","protected":false},"excerpt":{"rendered":"<p>\u0645\u0639\u0644\u0648\u0645\u0627\u062a \u0639\u0646\u0627 \u0646\u062d\u0646 \u0641\u064a Inza.ma \u0646\u0633\u0639\u0649 \u0644\u0646\u0643\u0648\u0646 \u0627\u0644\u0648\u062c\u0647\u0629 \u0627\u0644\u0623\u0648\u0644\u0649 \u0644\u0644\u0625\u0639\u0644\u0627\u0646\u0627\u062a \u0627\u0644\u0645\u0628\u0648\u0628\u0629 \u0641\u064a \u0627\u0644\u0645\u063a\u0631\u0628\u060c \u062d\u064a\u062b \u0646\u0648\u0641\u0631 \u0645\u0646\u0635\u0629 \u0631\u0642\u0645\u064a\u0629 \u0645\u0628\u062a\u0643\u0631\u0629 \u0648\u0622\u0645\u0646\u0629 \u062a\u0633\u0627\u0639\u062f \u0639\u0644\u0649 \u0631\u0628\u0637 \u0627\u0644\u0628\u0627\u0626\u0639\u064a\u0646 \u0628\u0627\u0644\u0645\u0634\u062a\u0631\u064a\u0646 \u0628\u0637\u0631\u064a\u0642\u0629 \u0633\u0647\u0644\u0629 \u0648\u0633\u0631\u064a\u0639\u0629. \u0631\u0624\u064a\u062a\u0646\u0627 \u0647\u064a \u062a\u0645\u0643\u064a\u0646 \u0627\u0644\u0623\u0641\u0631\u0627\u062f \u0648\u0627\u0644\u0634\u0631\u0643\u0627\u062a \u0645\u0646 \u0628\u064a\u0639 \u0648\u0634\u0631\u0627\u0621 \u0627\u0644\u0645\u0646\u062a\u062c\u0627\u062a \u0648\u0627\u0644\u062e\u062f\u0645\u0627\u062a \u0628\u0643\u0641\u0627\u0621\u0629 \u0648\u0628\u062f\u0648\u0646 \u062a\u0639\u0642\u064a\u062f. \u2728 \u0645\u0647\u0645\u062a\u0646\u0627: \u062a\u0648\u0641\u064a\u0631 \u0645\u0646\u0635\u0629 \u0634\u0627\u0645\u0644\u0629 \u062a\u062a\u064a\u062d \u0644\u0644\u062c\u0645\u064a\u0639 \u0639\u0631\u0636 \u0645\u0646\u062a\u062c\u0627\u062a\u0647\u0645 \u0623\u0648 \u062e\u062f\u0645\u0627\u062a\u0647\u0645 \u0628\u0633\u0647\u0648\u0644\u0629. \u062f\u0639\u0645 \u0645\u062c\u062a\u0645\u0639 \u0627\u0644\u062a\u062c\u0627\u0631\u0629<\/p>","protected":false},"author":1,"featured_media":0,"parent":0,"menu_order":0,"comment_status":"closed","ping_status":"closed","template":"templates\/blank.php","meta":{"_rtcl_gb_attr":"","footnotes":""},"class_list":["post-919","page","type-page","status-publish","hentry"],"_links":{"self":[{"href":"https:\/\/inza.ma\/fr\/wp-json\/wp\/v2\/pages\/919","targetHints":{"allow":["GET"]}}],"collection":[{"href":"https:\/\/inza.ma\/fr\/wp-json\/wp\/v2\/pages"}],"about":[{"href":"https:\/\/inza.ma\/fr\/wp-json\/wp\/v2\/types\/page"}],"author":[{"embeddable":true,"href":"https:\/\/inza.ma\/fr\/wp-json\/wp\/v2\/users\/1"}],"replies":[{"embeddable":true,"href":"https:\/\/inza.ma\/fr\/wp-json\/wp\/v2\/comments?post=919"}],"version-history":[{"count":0,"href":"https:\/\/inza.ma\/fr\/wp-json\/wp\/v2\/pages\/919\/revisions"}],"wp:attachment":[{"href":"https:\/\/inza.ma\/fr\/wp-json\/wp\/v2\/media?parent=919"}],"curies":[{"name":"wp","href":"https:\/\/api.w.org\/{rel}","templated":true}]}}